{"id":168,"date":"2025-07-02T14:07:08","date_gmt":"2025-07-02T12:07:08","guid":{"rendered":"https:\/\/tucan6-cm.networks.imdea.org\/?page_id=168"},"modified":"2026-03-09T10:22:26","modified_gmt":"2026-03-09T09:22:26","slug":"resultados","status":"publish","type":"page","link":"https:\/\/tucan6-cm.networks.imdea.org\/en\/resultados\/","title":{"rendered":"(Espa\u00f1ol) Resultados"},"content":{"rendered":"<div id=\"pl-168\"  class=\"panel-layout\" ><div id=\"pg-168-0\"  class=\"panel-grid panel-no-style\" ><div id=\"pgc-168-0-0\"  class=\"panel-grid-cell\" ><div id=\"panel-168-0-0-0\" class=\"so-panel widget widget_sow-editor panel-first-child panel-last-child\" data-index=\"0\" ><div\n\t\t\t\n\t\t\tclass=\"so-widget-sow-editor so-widget-sow-editor-base\"\n\t\t\t\n\t\t>\n<div class=\"siteorigin-widget-tinymce textwidget\">\n\t<h2><strong>Journals<\/strong><\/h2>\n<h3><a href=\"https:\/\/tucan6-cm.networks.imdea.org\/wp-content\/uploads\/sites\/28\/2026\/02\/stochastic-streets_a-walk-through-random-llm-address-generation-in-four-european-cities.pdf\" target=\"_blank\" rel=\"noopener\">Stochastic Streets_A Walk Through Random LLM Address Generation in four European Cities<\/a><\/h3>\n<p><em><strong>Tairan Fu, David Campo-Nazareno, Javier Coronado-Bl\u00e1zquez, Javier Conde, Pedro Reviriego, Fabrizio Lombardi<\/strong><\/em><\/p>\n<p><em>Computer<\/em>, Volume: 59, no. 3, pp. 92-99, March 2026<\/p>\n<p>&nbsp;<\/p>\n<h3><a href=\"https:\/\/ieeexplore.ieee.org\/stamp\/stamp.jsp?tp=&amp;arnumber=11300854\" target=\"_blank\" rel=\"noopener\">Dynamic Energy Routing Using Tree-Based Topologies With Fast Convergence Applied to Meshed Microgrids<\/a><\/h3>\n<p><em><strong>David Carrascal , Carlos Santos , Elisa Rojas, Jose Manuel Arco, Diego Lopez-Pajares , Francisco Javier Rodriguez-Sanchez<\/strong><\/em><\/p>\n<p>IEEE Access, Volume: 13, pp. 213469-213498, December 2025<\/p>\n<p>&nbsp;<\/p>\n<h3><a href=\"https:\/\/oa.upm.es\/91158\/3\/91158.pdf\" target=\"_blank\" rel=\"noopener\">Nanoscale Computing: Assessment of Hardware Platforms for Machine Learning by Transformer Models<\/a><\/h3>\n<p><em><strong>Zhen Gao, Weimin Zeng, Yingtao Zhang, Shuang Liu, Pedro Reviriego, Shanshan Liu, Fabrizio Lombardi<\/strong><\/em><\/p>\n<p>IEEE Nanotechnology Magazine, Volume: 19, no. 6, pp. 35-41, December 2025<\/p>\n<p>&nbsp;<\/p>\n<h3><a href=\"https:\/\/tucan6-cm.networks.imdea.org\/wp-content\/uploads\/sites\/28\/2026\/01\/disc-a-dataset-for-integrated-sensing-and-communications-in-mmwave-systems.pdf\" target=\"_blank\" rel=\"noopener\">DISC a Dataset for Integrated Sensing and Communications in mmWave Systems<\/a><\/h3>\n<p><em><strong>Jacopo Pegoraro, Pablo Saucedo, Jesus O. Lacruz, Michele Rossi, Joerg Widmer<\/strong><\/em><\/p>\n<p>IEEE Communications Magazine, Volume: 63, Issue: 10, October 2025.<\/p>\n<p>&nbsp;<\/p>\n<h3 class=\"title hypothesis_container\"><a href=\"https:\/\/tucan6-cm.networks.imdea.org\/wp-content\/uploads\/sites\/28\/2025\/10\/softwarized-edge-intelligence-for-advanced-iiot-ecosystems-a-data-driven-architecture-across-the-cloudedge-continuum.pdf\" target=\"_blank\" rel=\"noopener\">Softwarized Edge Intelligence for Advanced IIoT Ecosystems A Data-Driven Architecture Across the CloudEdge Continuum<\/a><\/h3>\n<p><em><strong>David Carrascal, Javier D\u00edaz-Fuentes, Nicolas Manso, Diego Lopez-Pajares, Elisa Rojas, Marco Savi, Jose M. Arco<\/strong><\/em><\/p>\n<p>Applied Science, Advanced Internet of Things Ecosystems: Architectures, Intelligence, and Communication Innovations, October, 2025.<\/p>\n<p>&nbsp;<\/p>\n<h3><a href=\"https:\/\/tucan6-cm.networks.imdea.org\/wp-content\/uploads\/sites\/28\/2025\/10\/evaluating-qot-aware-hybrid-grooming-schemes-in-dynamic-cl-band-optical-networks.pdf\" target=\"_blank\" rel=\"noopener\">Evaluating QoT-Aware Hybrid Grooming Schemes in Dynamic C+L-Band Optical Networks<\/a><\/h3>\n<p><em><strong>Farhad Arpanaei, Mohammadreza Dibaj, Amirhossein Dibaj, Hamzeh Beyranvand, John S. Vardakas, Christos Verikoukis, Jos\u00e9 Manuel Rivas-Moscoso, Juan Pedro Fern\u00e1ndez-Palacios, Alfonso S\u00e1nchez-Maci\u00e1n, David Larrabeiti, Jos\u00e9 Alberto Hern\u00e1ndez<\/strong><\/em><\/p>\n<p>Journal of Optical Communications and Networking, October 2025<\/p>\n<p>&nbsp;<\/p>\n<h3 class=\"document-title text-2xl-md-lh\"><a href=\"https:\/\/tucan6-cm.networks.imdea.org\/wp-content\/uploads\/sites\/28\/2025\/10\/legacy-agnostic-band-integration-approach-a-cost-effective-and-seamless-c1-b-optical-network-migration.pdf\" target=\"_blank\" rel=\"noopener\">Legacy-Agnostic Band Integration Approach A Cost-Effective and Seamless C+1-B Optical Network Migration<\/a><\/h3>\n<p><strong><em>MohammadHasan Shammakhi , Farhad Arpanaei , Hamzeh Beyranvand ,\u00a0Hamid Sheikhzadeh<\/em><\/strong><\/p>\n<p>Journal of Lightwave Technology,\u00a0Volume: 43,\u00a0Issue: 19, October 2025<\/p>\n<p>&nbsp;<\/p>\n<h3><a href=\"https:\/\/tucan6-cm.networks.imdea.org\/wp-content\/uploads\/sites\/28\/2026\/02\/a-configurable-floating-point-fused-multiply-add-design-with-mixed-precision-for-ai-accelerators.pdf\" target=\"_blank\" rel=\"noopener\">A Configurable Floating-Point Fused Multiply-Add Design With Mixed Precision for AI Accelerators<\/a><\/h3>\n<p><strong><em>Farzad Niknia,<\/em> Ziheng Wang, Shanshan Liu, Pedro Reviriego, Zhen Gao, Paolo Montuschi, Fabrizio Lombardi<\/strong><\/p>\n<p>IEEE Transactions on Circuits and Systems for Artificial Intelligence, Volume: 2, no. 3, pp. 248-261, September 2025<\/p>\n<p>&nbsp;<\/p>\n<h3 class=\"nova-legacy-e-text nova-legacy-e-text--size-xl nova-legacy-e-text--family-display nova-legacy-e-text--spacing-none nova-legacy-e-text--color-grey-900 research-detail-header-section__title\"><a href=\"https:\/\/tucan6-cm.networks.imdea.org\/wp-content\/uploads\/sites\/28\/2025\/10\/enhancing-the-reliability-of-multipath-qkd-over-muti-band-systems.pdf\" target=\"_blank\" rel=\"noopener\">Enhancing the Reliability of Multipath QKD over Muti-band Systems<\/a><\/h3>\n<p><strong><em>Seyed Morteza Ahmadian,<\/em> Farhad Arpanaei, Juan Carlos Hernandez-Hernandez, Rui Lin, Paolo Monti<\/strong><\/p>\n<p>Journal of Optical Communications and Networking, September, 2025.<\/p>\n<p>&nbsp;<\/p>\n<h3><a href=\"https:\/\/tucan6-cm.networks.imdea.org\/wp-content\/uploads\/sites\/28\/2025\/10\/generating_realistic_optical_topologies_for_techno-economic_studies_using_molenetwork.pdf\" target=\"_blank\" rel=\"noopener\">Generating realistic optical topologies for techno-economic studies using MoleNetwork<\/a><\/h3>\n<p><em><strong>Alfonso S\u00e1nchez-Maci\u00e1n, Nataliia Koneva, Marco Quagliotti, Jos\u00e9 M. Rivas-Moscoso, Farhad Arpanaei, Jos\u00e9 Alberto Hern\u00e1ndez, Juan P. Fern\u00e1ndez-Palacios<\/strong><\/em><\/p>\n<p>Journal of Optical Communications and Networking, Volume: 17, no. 9, pp. 847-862, September 2025<\/p>\n<p>&nbsp;<\/p>\n<h3 class=\"document-title text-2xl-md-lh\"><a href=\"https:\/\/ieeexplore.ieee.org\/stamp\/stamp.jsp?tp=&amp;arnumber=11142906\" target=\"_blank\" rel=\"noopener\">On offline scheduling for time-division multiplexing QKD networks<\/a><\/h3>\n<p><em><strong>Juan Carlos Hernandez-Hernandez; David Larrabeiti; Maria Calderon; Ignacio Soto; Farhad Arpanaei<\/strong><\/em><\/p>\n<p>Journal of Optical Communications and Networking, Volume: 17, no. 9, pp. 834 - 846, September 2025<\/p>\n<p>&nbsp;<\/p>\n<h3 class=\"page-header first-page-header\"><a href=\"https:\/\/dspace.networks.imdea.org\/handle\/20.500.12761\/1959\" target=\"_blank\" rel=\"noopener\">Solar cell operating point for joint LiFi communication and harvesting in battery-free devices<\/a><\/h3>\n<p><em><strong>Javier Talavante, Borja Genov\u00e9s Guzm\u00e1n, Domenico Giustiniano<\/strong><\/em><\/p>\n<p>IEEE Transactions on Communications. IEEE. August, 2025<\/p>\n<p>&nbsp;<\/p>\n<h3><a href=\"https:\/\/dspace.networks.imdea.org\/bitstream\/handle\/20.500.12761\/1750\/Scalable%20multi-modal%20learning.pdf?sequence=2&amp;isAllowed=y\" target=\"_blank\" rel=\"noopener\">Scalable Multi-Modal Learning for Cross-Link Channel Prediction in Massive IoT Networks<\/a><\/h3>\n<p><strong><em>Kun Woo Cho, Marco Cominelli, Francesco Gringoli, Joerg Widmer, Kyle Jamieson.<\/em><\/strong><\/p>\n<p>IEEE Transactions on Networking. Volume: 33, Issue: 4, August 2025<\/p>\n<p>&nbsp;<\/p>\n<h3><a href=\"https:\/\/csdl-downloads.ieeecomputer.org\/mags\/ic\/2025\/04\/11205333.pdf?Expires=1771929161&amp;Policy=eyJTdGF0ZW1lbnQiOlt7IlJlc291cmNlIjoiaHR0cHM6Ly9jc2RsLWRvd25sb2Fkcy5pZWVlY29tcHV0ZXIub3JnL21hZ3MvaWMvMjAyNS8wNC8xMTIwNTMzMy5wZGYiLCJDb25kaXRpb24iOnsiRGF0ZUxlc3NUaGFuIjp7IkFXUzpFcG9jaFRpbWUiOjE3NzE5MjkxNjF9fX1dfQ__&amp;Signature=CKmDE8c~cEtZIYH8XY5KTRz2viUozwqSIDwIZG11jt76MONzna4YoDHpuXuh-65UmTzfuYHIWPEtuywOy55PYcBz5OQm6s9PVWYV4CN-aPGjDBg-p-~99w2UIC5dS6JUEscCFw~M7NvdSvcOmxhMaGYlv~gQHqo53YSMCOWls5fAhZqfVgRuKxQdcP3Puq6Ns3Bg6V26cY~mUVp0glyE08knpDF3bnpG6Wl-SnVu29LsgmExkKpAlGoU4YHGNm7Ijs6VC9Sn1lTgQA0pxZwU6LXCsUHHwkI8blVuYPnC3rfzKOqwzGJXnud2~epcHEb~mAZLJ2AHsxaXU1cCFFGLRw__&amp;Key-Pair-Id=K12PMWTCQBDMDT\" target=\"_blank\" rel=\"noopener\">Have Multimodal Large Language Models Really Learned to Tell the Time on Analog Clocks?<\/a><\/h3>\n<p><em><strong>Tairan Fu, Miguel Gonz\u00e1lez, Javier Conde, Elena Merino-G\u00f3mez, Pedro Reviriego<\/strong><\/em><\/p>\n<p>IEEE Internet Computing, Volume: 29, no. 4, pp. 48-54, July-Aug. 2025<\/p>\n<p>&nbsp;<\/p>\n<h3><a href=\"https:\/\/tucan6-cm.networks.imdea.org\/wp-content\/uploads\/sites\/28\/2025\/09\/energy-efficient-stochastic-computing-sc-neural-networks-for-internet-of-things-devices-with-layer-wise-adjustable-sequence-length-asl.pdf\">Energy-Efficient Stochastic Computing (SC) Neural Networks for Internet of Things Devices With Layer-Wise Adjustable Sequence Length (ASL)<\/a><\/h3>\n<p><strong><em>Ziheng Wang, Pedro Reviriego, Farzad Nikinia, Zhen Gao, Javier Conde, Shanshan Liu, Fabrizio Lombardi. <\/em><\/strong><\/p>\n<p>IEEE Internet of Things Journal. Volume: 12, Issue: 14, July 2025<\/p>\n<p>&nbsp;<\/p>\n<h3><a href=\"https:\/\/doi.org\/10.3390\/mti9050044\" target=\"_blank\" rel=\"noopener\">LLMs in Education: Evaluation GPT and BERT Models in Student Comment Classification. Multimodal Technologies and Interaction<\/a><\/h3>\n<p><strong><em>Anabel Pilicita, Enrique Barra<\/em><\/strong>.<\/p>\n<p>Multimodal Technologies and Interaction 9(5), 44, May, 2025.<\/p>\n<p>&nbsp;<\/p>\n<h3><a href=\"https:\/\/tucan6-cm.networks.imdea.org\/wp-content\/uploads\/sites\/28\/2025\/09\/oris-allocation-to-minimize-the-outage-probability-in-a-multi-user-vlc-scenario.pdf\">ORIS allocation to minimize the outage probability in a multi-user VLC scenario<\/a><\/h3>\n<p><strong><em>Borja Genoves Guzman, Ma\u00eft\u00e9 Brandt-Pearce.<\/em><\/strong><\/p>\n<p>IEEE Photonics Technology Letters. May 2025.<\/p>\n<p>&nbsp;<\/p>\n<h2><strong>Conferencias<\/strong><\/h2>\n<h3><a href=\"https:\/\/arxiv.org\/pdf\/2505.10129\" target=\"_blank\" rel=\"noopener\">Angle diversity receiver as a key enabler for reliable ORIS-based Visible Light Communication<\/a><\/h3>\n<p><em><strong>Borja Genoves Guzman, Maximo Morales-Cespedes, Ana Garcia Armada, Maite Brandt-Pearce<\/strong><\/em><\/p>\n<h3><span style=\"font-size: 16px\">IEEE Global Communications Conference. Taipei Taiwan, December, 2025.<\/span><\/h3>\n<p>&nbsp;<\/p>\n<h3><a href=\"https:\/\/tucan6-cm.networks.imdea.org\/wp-content\/uploads\/sites\/28\/2025\/10\/faro-a-scalable-and-reliable-outage-detection-algorithm-for-iot-mobile-virtual-networks-aggregators.pdf\" target=\"_blank\" rel=\"noopener\">Faro A scalable and reliable outage detection algorithm for IoT Mobile Virtual Networks Aggregators<\/a><\/h3>\n<p><em><strong>Mattia Milani, Viktoria Vomhoff, Dario Bega, Marco Gramaglia, Stefan Gei\u00dfler, Csaba Karsai, Pablo Serrano<\/strong><\/em><\/p>\n<p>ACM CoNEXT 2025, Hong Kong, December, 2025.<\/p>\n<p>&nbsp;<\/p>\n<h3><a href=\"https:\/\/tucan6-cm.networks.imdea.org\/wp-content\/uploads\/sites\/28\/2025\/10\/de-rcm-desanonimizacion-explicalble-de-macs-aleatorias-en-802-11-wlans.pdf\">DE-RCM Desanonimizaci\u00f3n Explicalble de MACs Aleatorias en 802.11 WLANs<\/a><\/h3>\n<p><em><strong>Juan Manuel Montes-Lopez,\u00a0Pablo Serrano, Marco Gramaglia, Aruna Prem Bianzino<\/strong><\/em><\/p>\n<p>Jornadas de Ingenier\u00eda Telem\u00e1tica (Jitel 2025), C\u00e1ceres, November 2025<\/p>\n<p>&nbsp;<\/p>\n<h3><a href=\"https:\/\/tucan6-cm.networks.imdea.org\/wp-content\/uploads\/sites\/28\/2025\/11\/mm-noloc-mmwave-based-localization-for-mobile-networks.pdf\">mm-NOLOC mmWave-based Localization for Mobile Networks<\/a><\/h3>\n<p><em><strong>Phuc Dinh, Yufei Feng, Eduardo Baena, Yunmeng Han, Weiming Qi, Zihan Xu, Moinak Ghoshal, Pau Closas, Dimitrios Koutsonikolas, Joerg Widmer<\/strong><\/em><\/p>\n<p>ACM MobiHoc '25, Texas, USA, October 2025.<\/p>\n<p>&nbsp;<\/p>\n<h3><a href=\"https:\/\/tucan6-cm.networks.imdea.org\/wp-content\/uploads\/sites\/28\/2025\/10\/lad-ixoc-loop-based-attack-detection-with-integrated-xor-filter-and-cms.pdf\" target=\"_blank\" rel=\"noopener\">LAD-IXoC: Loop-based Attack Detection with Integrated Xor Filter and CMS<\/a><\/h3>\n<p><em><strong>Roberto Mart\u00ednez, Alessandro Palumbo, Pedro Reviriego, Ruben Salvador, David Larrabeiti.<\/strong><\/em><\/p>\n<p>38th IEEE International Conference on Dependable and Fault Tolerant Systems (DFTS 2025), October 2025<\/p>\n<p>&nbsp;<\/p>\n<h3><a href=\"https:\/\/tucan6-cm.networks.imdea.org\/wp-content\/uploads\/sites\/28\/2025\/10\/diwi-a-transformer-based-digital-twin-for-wireless-mobility.pdf\" target=\"_blank\" rel=\"noopener\">Diwi A transformer-based Digital twin for Wireless mobility<\/a><\/h3>\n<p><em><strong>Juan Manuel Montes-Lopez a , Pablo Serrano, Marco Gramaglia,\u00a0Albert Banchs<\/strong><\/em><\/p>\n<p>Elsevier Computer Networks, October 2025.<\/p>\n<p>&nbsp;<\/p>\n<h3><a href=\"https:\/\/dl.acm.org\/doi\/abs\/10.1145\/3744969.3748411\" target=\"_blank\" rel=\"noopener\">Integration of ioT multihop networks with MEC infrastructures for Next Generation Networks.<\/a><\/h3>\n<p><em><strong>Joaqu\u00edn \u00c1lvarez-Horcajo, Isaias Martinez-Yelmo, Luc\u00eda Rubio-Escribano, Elena Pontijas-Mart\u00edn, Jose Manuel Arco.<\/strong><\/em><\/p>\n<p>ACM SIGCOMM Posters and Demos '25: Proceedings of the ACM SIGCOMM 2025 Posters and Demos, Coimbra, Portugal, September, 2025.<\/p>\n<p>&nbsp;<\/p>\n<h3><a href=\"https:\/\/tucan6-cm.networks.imdea.org\/wp-content\/uploads\/sites\/28\/2025\/09\/comparative-analysis-of-eggn-vs--ggn-models-for-hybrid-ramandfa-amplified-ultra-wideband-optical-networks.pdf\">Comparative Analysis of EGGN vs. GGN Models for Hybrid RamanDFA Amplified Ultra-Wideband Optical Networks.<\/a><\/h3>\n<p><strong><em>Mahdieh Mehrabi, Farhad Arpanaei, M. Ranjbar Zefreh, Hamze Beyranvand, M. Javad Emadi, P. Mahdizadeh, Carlos Natalino, Jos\u00e9 Manuel Rivas-Moscoso, Oscar Gonzalez de Dios, Juan P. Fern\u00e1ndez-Palacios, David Larrabeiti, J. Alberto Hern\u00e1ndez <\/em><\/strong><\/p>\n<p>International Conference on Transparent Optical Networks. Barcelona, Spain, July 2025.<\/p>\n<p>&nbsp;<\/p>\n<h3><a href=\"https:\/\/tucan6-cm.networks.imdea.org\/wp-content\/uploads\/sites\/28\/2025\/09\/a-digital-twin-driven-framework-for-cost-effective-upgrading-from-c-band-to-multi-band-optical-networks-invited.pdf\" target=\"_blank\" rel=\"noopener\">A Digital Twin-Driven Framework for Cost-Effective Upgrading from C- Band to Multi-Band Optical Networks<\/a><\/h3>\n<p><strong><em>Farhad Arpanaei, Mohammad Shammakhi, Hamzeh Beyranvand, Hamid Sheikhzadeh, M. Ranjbar Zefreh, Shuangyi Yan, Jos\u00e9 Manuel Ricvas-Moscoso, Oscar Gonzalez de Dios, Juan P. Fern\u00e1ndez-Palacios, A. Sanchez-Macian, David Larrabeiti, Jos\u00e9 Alberto Hern\u00e1ndez<\/em><\/strong><\/p>\n<p>International Conference on Transparent Optical Networks. Barcelona, Spain, July 2025.<\/p>\n<p>&nbsp;<\/p>\n<h3><a href=\"https:\/\/dspace.networks.imdea.org\/handle\/20.500.12761\/1915\" target=\"_blank\" rel=\"noopener\">HELIX: High-speed Real-Time Experimentation Platform for 6G Wireless Networks<\/a><\/h3>\n<p><strong><em>Rafael Ruiz, Jesus Omar Lacruz, Bastian Bloessl, Matthias Hollick, Joerg Widmer<\/em><\/strong><\/p>\n<p>ACM SIGMOBILE International Conference on Mobile Systems, Applications and Services. Anaheim, USA. July 2025<\/p>\n<p>&nbsp;<\/p>\n<h3><a href=\"https:\/\/dspace.networks.imdea.org\/handle\/20.500.12761\/1925\" target=\"_blank\" rel=\"noopener\">RISENSE: Long-Range In-Band Wireless Control of Passive Reconfigurable Intelligent Surfaces<\/a><\/h3>\n<p><strong><em>Sai Pavan Deram, Marco Rossanese, Andres Garcia-Saavedra, Syed Waqas Haider Shah, Vincenzo Sciancalepore, Joerg Widmer, Xavier Costa-Perez<\/em><\/strong><\/p>\n<p>ACM SIGMOBILE International Conference on Mobile Systems, Applications and Services. Anaheim, California, USA. June 2025<\/p>\n<p>&nbsp;<\/p>\n<h3><a href=\"https:\/\/ieeexplore.ieee.org\/stamp\/stamp.jsp?tp=&amp;arnumber=11038903&amp;tag=1\" target=\"_blank\" rel=\"noopener\">BareFlow: A Pure Layer-2 Data-Driven Protocol for Transparent Plug-and-Play Routing.<\/a><\/h3>\n<p><em><strong>Elisa Rojas, Diego Lopez-Pajares, Jorge Barroso-Garcia, David Carrascal, Nicolas Manso, Jose M. Arco<\/strong><\/em><\/p>\n<p>2025 IEEE 26th International Conference on High Performance Switching and Routing (HPSR), Osaka, Japan, May 2025.<\/p>\n<p>&nbsp;<\/p>\n<h3><a href=\"https:\/\/dspace.networks.imdea.org\/bitstream\/handle\/20.500.12761\/1929\/XAI_ChronoProf_poster_demo_dspace.pdf?sequence=1\" target=\"_blank\" rel=\"noopener\">Demo: Explaining Time Series Interactively with CHRONOPROF<\/a><\/h3>\n<p><strong><em>Pablo Fern\u00e1ndez, I\u00f1aki Bravo, Anirudh Kamath, Claudio Fiandrino, Joerg Widmer<\/em><\/strong><\/p>\n<p>IEEE International Symposium on a World of Wireless, Mobile and Multimedia Networks.\u00a0Fort Worth, Texas, USA.\u00a0May 2025<\/p>\n<p>&nbsp;<\/p>\n<h3><a href=\"https:\/\/dspace.networks.imdea.org\/handle\/20.500.12761\/1930\" target=\"_blank\" rel=\"noopener\">Ph.D. Forum: Explainable AI for Time Series Analysis in 5G\/6G Operations<\/a><\/h3>\n<p><strong><em>Pablo Fern\u00e1ndez, Claudio Fiandrino, Joerg Widmer<\/em><\/strong><\/p>\n<p>IEEE International Symposium on a World of Wireless, Mobile and Multimedia Networks. Fort Worth, Texas, USA. May 2025<\/p>\n<p>&nbsp;<\/p>\n<h2>Datasets<\/h2>\n<h3><a href=\"https:\/\/tucan6-cm.networks.imdea.org\/wp-content\/uploads\/sites\/28\/2026\/01\/mmhsense_multi-modal-and-distributed-mmwave.pdf\" target=\"_blank\" rel=\"noopener\">mmHSense_Multi-Modal and Distributed mmWave<\/a><\/h3>\n<p><em><strong>Nabeel Nisar Bhat, Maksim Karnaukh, Stein Vandenbroeke, Wouter Lemoine, Jakob Struye, Jesus Omar Lacruz, Siddhartha Kumar, Mohammad Hossein Moghaddam, Joerg Widmer, Rafael Berkvens, Jeroen Famaey<\/strong><\/em><\/p>\n<p>&nbsp;<\/p>\n<\/div>\n<\/div><\/div><\/div><\/div><\/div>","protected":false},"excerpt":{"rendered":"Journals Stochastic Streets_A Walk Through Random LLM Address Generation in four European Cities Tairan Fu, David Campo-Nazareno, Javier Coronado-Bl\u00e1zquez, Javier Conde, Pedro Reviriego, Fabrizio Lombardi Computer, Volume: 59, no. 3, pp. 92-99, March 2026 &nbsp; Dynamic Energy Routing Using Tree-Based Topologies With Fast Convergence Applied to Meshed Microgrids David Carrascal , Carlos Santos , Elisa&#8230;","protected":false},"author":127,"featured_media":0,"parent":0,"menu_order":0,"comment_status":"closed","ping_status":"closed","template":"","meta":{"_acf_changed":false,"footnotes":""},"class_list":["post-168","page","type-page","status-publish","hentry"],"acf":[],"_links":{"self":[{"href":"https:\/\/tucan6-cm.networks.imdea.org\/en\/wp-json\/wp\/v2\/pages\/168","targetHints":{"allow":["GET"]}}],"collection":[{"href":"https:\/\/tucan6-cm.networks.imdea.org\/en\/wp-json\/wp\/v2\/pages"}],"about":[{"href":"https:\/\/tucan6-cm.networks.imdea.org\/en\/wp-json\/wp\/v2\/types\/page"}],"author":[{"embeddable":true,"href":"https:\/\/tucan6-cm.networks.imdea.org\/en\/wp-json\/wp\/v2\/users\/127"}],"replies":[{"embeddable":true,"href":"https:\/\/tucan6-cm.networks.imdea.org\/en\/wp-json\/wp\/v2\/comments?post=168"}],"version-history":[{"count":38,"href":"https:\/\/tucan6-cm.networks.imdea.org\/en\/wp-json\/wp\/v2\/pages\/168\/revisions"}],"predecessor-version":[{"id":288,"href":"https:\/\/tucan6-cm.networks.imdea.org\/en\/wp-json\/wp\/v2\/pages\/168\/revisions\/288"}],"wp:attachment":[{"href":"https:\/\/tucan6-cm.networks.imdea.org\/en\/wp-json\/wp\/v2\/media?parent=168"}],"curies":[{"name":"wp","href":"https:\/\/api.w.org\/{rel}","templated":true}]}}