{"id":105,"date":"2024-08-02T13:25:51","date_gmt":"2024-08-02T11:25:51","guid":{"rendered":"https:\/\/tucan6-cm.networks.imdea.org\/?page_id=105"},"modified":"2025-07-02T15:09:07","modified_gmt":"2025-07-02T13:09:07","slug":"home","status":"publish","type":"page","link":"https:\/\/tucan6-cm.networks.imdea.org\/en\/","title":{"rendered":"Home"},"content":{"rendered":"<div id=\"pl-105\"  class=\"panel-layout\" ><div id=\"pg-105-0\"  class=\"panel-grid panel-no-style\" ><div id=\"pgc-105-0-0\"  class=\"panel-grid-cell\" ><div id=\"panel-105-0-0-0\" class=\"so-panel widget widget_sow-post-carousel panel-first-child panel-last-child\" data-index=\"0\" ><div\n\t\t\t\n\t\t\tclass=\"so-widget-sow-post-carousel so-widget-sow-post-carousel-base-0471499d4c66-105\"\n\t\t\t\n\t\t>\t<div\n\t\tclass=\"sow-post-carousel-wrapper sow-post-carousel-theme-base\"\n\t\tstyle=\"overflow: hidden; max-width: 100%; min-height: 182px\"\n\t>\n\t\t<div class=\"sow-carousel-title has-title\">\n\t<h3 class=\"widget-title\">Noticias<\/h3>\t\t<div class=\"sow-carousel-navigation \">\n\t\t\t\t\t\t<a href=\"#\" class=\"sow-carousel-next\" title=\"Next\" aria-label=\"Next Posts\" role=\"button\"><\/a>\n\t\t\t\t\t\t<a href=\"#\" class=\"sow-carousel-previous\" title=\"Previous\" aria-label=\"Previous Posts\" role=\"button\"><\/a>\n\t\t\t\t\t<\/div>\n\t<\/div>\n\n<div class=\"sow-carousel-container \">\n\t\t<div class=\"sow-carousel-wrapper\"\n\t\tdata-dir=\"ltr\"\n\t\tstyle=\"opacity: 0;\"\n\t\tdata-widget=\"post\" data-fetching=\"false\" data-page=\"1\" data-ajax-url=\"https:\/\/tucan6-cm.networks.imdea.org\/wp-admin\/admin-ajax.php?_widgets_nonce=4660440128\" data-item_count=\"4\" data-carousel_settings=\"{&quot;loop&quot;:true,&quot;animation&quot;:&quot;ease&quot;,&quot;animation_speed&quot;:400,&quot;autoplay&quot;:&quot;off&quot;,&quot;pauseOnHover&quot;:&quot;&quot;,&quot;autoplaySpeed&quot;:8000,&quot;item_overflow&quot;:true,&quot;autoplay_continuous_scroll&quot;:false}\" data-responsive=\"{&quot;desktop_slides_to_scroll&quot;:1,&quot;tablet_landscape_breakpoint&quot;:1366,&quot;tablet_landscape_slides_to_scroll&quot;:2,&quot;tablet_portrait_breakpoint&quot;:1025,&quot;tablet_portrait_slides_to_scroll&quot;:2,&quot;mobile_breakpoint&quot;:480,&quot;mobile_slides_to_scroll&quot;:1}\" data-variable_width=\"true\" \t>\n\t\t<div\n\t\t\tclass=\"sow-carousel-items\"\n\t\t\t\t\t>\n\t\t\t\t<div class=\"sow-carousel-item\" tabindex=\"-1\" style=\"float: left;\">\n\t\t<div class=\"sow-carousel-thumbnail\">\n\t\t\t\t\t\t\t<a\n\t\t\t\t\thref=\"https:\/\/tucan6-cm.networks.imdea.org\/en\/premio-al-mejor-articulo-en-ieee-globecom-2025\/\"\n\t\t\t\t\t\t\t\t\t\tstyle=\"background-image: url( https:\/\/tucan6-cm.networks.imdea.org\/wp-content\/uploads\/sites\/28\/2026\/03\/best-paper_borja_uc3m-272x182.jpg )\"\n\t\t\t\t\taria-labelledby=\"sow-carousel-id-289\"\n\t\t\t\t\ttabindex=\"-1\"\n\t\t\t\t>\n\t\t\t\t\t<span class=\"overlay\"><\/span>\n\t\t\t\t<\/a>\n\t\t\t\t\t<\/div>\n\t\t<h3 class=\"sow-carousel-item-title\">\n\t\t\t<a\n\t\t\t\thref=\"https:\/\/tucan6-cm.networks.imdea.org\/en\/premio-al-mejor-articulo-en-ieee-globecom-2025\/\"\n\t\t\t\tid=\"sow-carousel-id-289\"\n\t\t\t\t\t\t\t\ttabindex=\"-1\"\n\t\t\t>\n\n\t\t\t\t(Espa\u00f1ol) Premio al Mejor Art\u00edculo en IEEE GLOBECOM 2025\t\t\t<\/a>\n\t\t<\/h3>\n\t<\/div>\n\t\t<div class=\"sow-carousel-item\" tabindex=\"-1\" style=\"float: left;\">\n\t\t<div class=\"sow-carousel-thumbnail\">\n\t\t\t\t\t\t\t<a\n\t\t\t\t\thref=\"https:\/\/tucan6-cm.networks.imdea.org\/en\/de-las-redes-sostenibles-a-la-privacidad-digital-nuevas-estrategias-para-redes-sostenibles-y-seguras-en-la-era-de-la-ia-pablo-serrano-en-la-universidad-de-brescia\/\"\n\t\t\t\t\t\t\t\t\t\tstyle=\"background-image: url( https:\/\/tucan6-cm.networks.imdea.org\/wp-content\/uploads\/sites\/28\/2025\/10\/pablo-brescia-272x182.jpg )\"\n\t\t\t\t\taria-labelledby=\"sow-carousel-id-252\"\n\t\t\t\t\ttabindex=\"-1\"\n\t\t\t\t>\n\t\t\t\t\t<span class=\"overlay\"><\/span>\n\t\t\t\t<\/a>\n\t\t\t\t\t<\/div>\n\t\t<h3 class=\"sow-carousel-item-title\">\n\t\t\t<a\n\t\t\t\thref=\"https:\/\/tucan6-cm.networks.imdea.org\/en\/de-las-redes-sostenibles-a-la-privacidad-digital-nuevas-estrategias-para-redes-sostenibles-y-seguras-en-la-era-de-la-ia-pablo-serrano-en-la-universidad-de-brescia\/\"\n\t\t\t\tid=\"sow-carousel-id-252\"\n\t\t\t\t\t\t\t\ttabindex=\"-1\"\n\t\t\t>\n\n\t\t\t\t(Espa\u00f1ol) De las redes sostenibles a la privacidad digital: nuevas estrategias para redes sostenibles y seguras en la era de la IA &#8211; Pablo Serrano en la Universidad de Brescia\t\t\t<\/a>\n\t\t<\/h3>\n\t<\/div>\n\t\t<div class=\"sow-carousel-item\" tabindex=\"-1\" style=\"float: left;\">\n\t\t<div class=\"sow-carousel-thumbnail\">\n\t\t\t\t\t\t\t<a\n\t\t\t\t\thref=\"https:\/\/tucan6-cm.networks.imdea.org\/en\/un-nuevo-avance-hacia-dispositivos-iot-sin-bateria\/\"\n\t\t\t\t\t\t\t\t\t\tstyle=\"background-image: url( https:\/\/tucan6-cm.networks.imdea.org\/wp-content\/uploads\/sites\/28\/2025\/09\/lifi-272x182.png )\"\n\t\t\t\t\taria-labelledby=\"sow-carousel-id-206\"\n\t\t\t\t\ttabindex=\"-1\"\n\t\t\t\t>\n\t\t\t\t\t<span class=\"overlay\"><\/span>\n\t\t\t\t<\/a>\n\t\t\t\t\t<\/div>\n\t\t<h3 class=\"sow-carousel-item-title\">\n\t\t\t<a\n\t\t\t\thref=\"https:\/\/tucan6-cm.networks.imdea.org\/en\/un-nuevo-avance-hacia-dispositivos-iot-sin-bateria\/\"\n\t\t\t\tid=\"sow-carousel-id-206\"\n\t\t\t\t\t\t\t\ttabindex=\"-1\"\n\t\t\t>\n\n\t\t\t\t(Espa\u00f1ol) Un nuevo avance hacia dispositivos IoT sin bater\u00eda\t\t\t<\/a>\n\t\t<\/h3>\n\t<\/div>\n\t\t<div class=\"sow-carousel-item\" tabindex=\"-1\" style=\"float: left;\">\n\t\t<div class=\"sow-carousel-thumbnail\">\n\t\t\t\t\t\t\t<a\n\t\t\t\t\thref=\"https:\/\/tucan6-cm.networks.imdea.org\/en\/notadeprensa01\/\"\n\t\t\t\t\t\t\t\t\t\tstyle=\"background-image: url( https:\/\/tucan6-cm.networks.imdea.org\/wp-content\/uploads\/sites\/28\/2025\/07\/tucan6-cm_rectangular_blanco-272x182.png )\"\n\t\t\t\t\taria-labelledby=\"sow-carousel-id-1\"\n\t\t\t\t\ttabindex=\"-1\"\n\t\t\t\t>\n\t\t\t\t\t<span class=\"overlay\"><\/span>\n\t\t\t\t<\/a>\n\t\t\t\t\t<\/div>\n\t\t<h3 class=\"sow-carousel-item-title\">\n\t\t\t<a\n\t\t\t\thref=\"https:\/\/tucan6-cm.networks.imdea.org\/en\/notadeprensa01\/\"\n\t\t\t\tid=\"sow-carousel-id-1\"\n\t\t\t\t\t\t\t\ttabindex=\"-1\"\n\t\t\t>\n\n\t\t\t\t\u00a1Hola, mundo!\t\t\t<\/a>\n\t\t<\/h3>\n\t<\/div>\n\t\t\t<\/div>\n\t\t\t<\/div>\n\n\t<\/div>\n\t\t<input type=\"hidden\" name=\"instance_hash\" value=\"23cdc4f0\"\/>\n\t<\/div>\n<\/div><\/div><\/div><\/div><div id=\"pg-105-1\"  class=\"panel-grid panel-no-style\" ><div id=\"pgc-105-1-0\"  class=\"panel-grid-cell\" ><div id=\"panel-105-1-0-0\" class=\"so-panel widget widget_sow-editor panel-first-child panel-last-child\" data-index=\"1\" ><div\n\t\t\t\n\t\t\tclass=\"so-widget-sow-editor so-widget-sow-editor-base\"\n\t\t\t\n\t\t><h3 class=\"widget-title\">Tecnolog\u00edas para la detecci\u00f3n y comunicaci\u00f3n en redes 6G \/ TUCAN6-CM <\/h3>\n<div class=\"siteorigin-widget-tinymce textwidget\">\n\t<p style=\"text-align: justify\"><span style=\"font-weight: 400\">La sexta generaci\u00f3n (6G) de redes m\u00f3viles promete un cambio de paradigma en las comunicaciones, superando ampliamente las capacidades de la tecnolog\u00eda 5G. TUCAN6-CM pretende optimizar, coordinar e integrar las tecnolog\u00edas de comunicaci\u00f3n, computaci\u00f3n y detecci\u00f3n en el marco de las redes 6G para mejorar su rendimiento, eficiencia y funcionalidad. TUCAN6-CM centrar\u00e1 sus esfuerzos de investigaci\u00f3n en la integraci\u00f3n, la interoperabilidad y las interacciones sin\u00e9rgicas entre dichos componentes. Para alcanzar estos objetivos, nuestro consorcio est\u00e1 formado por 10 grupos (tres d<\/span><span style=\"font-weight: 400\">e ellos emergentes) de 4 instituciones con competencias complementari<\/span><span style=\"font-weight: 400\">as para poder ejecutar el proyecto de forma adecuada.\u00a0<\/span><\/p>\n<\/div>\n<\/div><\/div><\/div><\/div><div id=\"pg-105-2\"  class=\"panel-grid panel-no-style\" ><div id=\"pgc-105-2-0\"  class=\"panel-grid-cell\" ><div id=\"panel-105-2-0-0\" class=\"so-panel widget widget_media_image panel-first-child panel-last-child\" data-index=\"2\" ><img loading=\"lazy\" decoding=\"async\" width=\"300\" height=\"158\" src=\"https:\/\/tucan6-cm.networks.imdea.org\/wp-content\/uploads\/sites\/28\/2025\/07\/tucan6-cm_rectangular_blanco-300x158.png\" class=\"image wp-image-148  attachment-medium size-medium\" alt=\"\" style=\"max-width: 100%; height: auto;\" srcset=\"https:\/\/tucan6-cm.networks.imdea.org\/wp-content\/uploads\/sites\/28\/2025\/07\/tucan6-cm_rectangular_blanco-300x158.png 300w, https:\/\/tucan6-cm.networks.imdea.org\/wp-content\/uploads\/sites\/28\/2025\/07\/tucan6-cm_rectangular_blanco-1024x539.png 1024w, https:\/\/tucan6-cm.networks.imdea.org\/wp-content\/uploads\/sites\/28\/2025\/07\/tucan6-cm_rectangular_blanco-768x404.png 768w, https:\/\/tucan6-cm.networks.imdea.org\/wp-content\/uploads\/sites\/28\/2025\/07\/tucan6-cm_rectangular_blanco-1536x809.png 1536w, https:\/\/tucan6-cm.networks.imdea.org\/wp-content\/uploads\/sites\/28\/2025\/07\/tucan6-cm_rectangular_blanco-2048x1078.png 2048w\" sizes=\"auto, (max-width: 300px) 100vw, 300px\" \/><\/div><\/div><div id=\"pgc-105-2-1\"  class=\"panel-grid-cell\" ><div id=\"panel-105-2-1-0\" class=\"so-panel widget widget_media_image panel-first-child panel-last-child\" data-index=\"3\" ><img loading=\"lazy\" decoding=\"async\" width=\"637\" height=\"298\" src=\"https:\/\/tucan6-cm.networks.imdea.org\/wp-content\/uploads\/sites\/28\/2025\/07\/01-imdea.png\" class=\"image wp-image-163  attachment-full size-full\" alt=\"\" style=\"max-width: 100%; height: auto;\" srcset=\"https:\/\/tucan6-cm.networks.imdea.org\/wp-content\/uploads\/sites\/28\/2025\/07\/01-imdea.png 637w, https:\/\/tucan6-cm.networks.imdea.org\/wp-content\/uploads\/sites\/28\/2025\/07\/01-imdea-300x140.png 300w\" sizes=\"auto, (max-width: 637px) 100vw, 637px\" \/><\/div><\/div><div id=\"pgc-105-2-2\"  class=\"panel-grid-cell\" ><div id=\"panel-105-2-2-0\" class=\"so-panel widget widget_media_image panel-first-child panel-last-child\" data-index=\"4\" ><img loading=\"lazy\" decoding=\"async\" width=\"200\" height=\"109\" src=\"https:\/\/tucan6-cm.networks.imdea.org\/wp-content\/uploads\/sites\/28\/2025\/07\/uc3m_logo_2017.png\" class=\"image wp-image-160  attachment-full size-full\" alt=\"\" style=\"max-width: 100%; height: auto;\" \/><\/div><\/div><div id=\"pgc-105-2-3\"  class=\"panel-grid-cell\" ><div id=\"panel-105-2-3-0\" class=\"so-panel widget widget_media_image panel-first-child panel-last-child\" data-index=\"5\" ><img loading=\"lazy\" decoding=\"async\" width=\"250\" height=\"75\" src=\"https:\/\/tucan6-cm.networks.imdea.org\/wp-content\/uploads\/sites\/28\/2025\/07\/universidad_alcala-e1619767760539.png\" class=\"image wp-image-161  attachment-full size-full\" alt=\"\" style=\"max-width: 100%; height: auto;\" \/><\/div><\/div><div id=\"pgc-105-2-4\"  class=\"panel-grid-cell\" ><div id=\"panel-105-2-4-0\" class=\"so-panel widget widget_media_image panel-first-child panel-last-child\" data-index=\"6\" ><img loading=\"lazy\" decoding=\"async\" width=\"91\" height=\"74\" src=\"https:\/\/tucan6-cm.networks.imdea.org\/wp-content\/uploads\/sites\/28\/2025\/07\/politecnica.jpg\" class=\"image wp-image-162  attachment-full size-full\" alt=\"\" style=\"max-width: 100%; height: auto;\" \/><\/div><\/div><\/div><\/div>","protected":false},"excerpt":{"rendered":"La sexta generaci\u00f3n (6G) de redes m\u00f3viles promete un cambio de paradigma en las comunicaciones, superando ampliamente las capacidades de la tecnolog\u00eda 5G. TUCAN6-CM pretende optimizar, coordinar e integrar las tecnolog\u00edas de comunicaci\u00f3n, computaci\u00f3n y detecci\u00f3n en el marco de las redes 6G para mejorar su rendimiento, eficiencia y funcionalidad. TUCAN6-CM centrar\u00e1 sus esfuerzos de&#8230;","protected":false},"author":115,"featured_media":0,"parent":0,"menu_order":0,"comment_status":"closed","ping_status":"closed","template":"","meta":{"_acf_changed":false,"footnotes":""},"class_list":["post-105","page","type-page","status-publish","hentry"],"acf":[],"_links":{"self":[{"href":"https:\/\/tucan6-cm.networks.imdea.org\/en\/wp-json\/wp\/v2\/pages\/105","targetHints":{"allow":["GET"]}}],"collection":[{"href":"https:\/\/tucan6-cm.networks.imdea.org\/en\/wp-json\/wp\/v2\/pages"}],"about":[{"href":"https:\/\/tucan6-cm.networks.imdea.org\/en\/wp-json\/wp\/v2\/types\/page"}],"author":[{"embeddable":true,"href":"https:\/\/tucan6-cm.networks.imdea.org\/en\/wp-json\/wp\/v2\/users\/115"}],"replies":[{"embeddable":true,"href":"https:\/\/tucan6-cm.networks.imdea.org\/en\/wp-json\/wp\/v2\/comments?post=105"}],"version-history":[{"count":19,"href":"https:\/\/tucan6-cm.networks.imdea.org\/en\/wp-json\/wp\/v2\/pages\/105\/revisions"}],"predecessor-version":[{"id":184,"href":"https:\/\/tucan6-cm.networks.imdea.org\/en\/wp-json\/wp\/v2\/pages\/105\/revisions\/184"}],"wp:attachment":[{"href":"https:\/\/tucan6-cm.networks.imdea.org\/en\/wp-json\/wp\/v2\/media?parent=105"}],"curies":[{"name":"wp","href":"https:\/\/api.w.org\/{rel}","templated":true}]}}